{"id":3011,"date":"2024-09-19T15:40:27","date_gmt":"2024-09-19T13:40:27","guid":{"rendered":"https:\/\/terredibaccio.com\/p\/schietto-chianti-classico-docg\/"},"modified":"2024-10-16T17:48:34","modified_gmt":"2024-10-16T15:48:34","slug":"schietto-chianti-classico-docg","status":"publish","type":"product","link":"https:\/\/terredibaccio.com\/it\/p\/schietto-chianti-classico-docg\/","title":{"rendered":"SCHIETTO &#8211; Chianti Classico DOCG"},"content":{"rendered":"<p>&#8220;Schietto,&#8221; un termine che evoca purezza e genuinit\u00e0, incarna alla perfezione l&#8217;essenza del nostro Chianti Classico, un vino che racchiude in s\u00e9 il meglio della tradizione vitivinicola toscana.<\/p>\n<p>Questo vino \u00e8 il risultato di un blend sapiente tra uve Sangiovese, simbolo del Chianti, e Cabernet Sauvignon, che aggiunge profondit\u00e0 e complessit\u00e0. Seguendo scrupolosamente il disciplinare del Chianti Classico DOCG, ogni fase della produzione \u00e8 eseguita con precisione, dal raccolto alla vinificazione. Dopo un periodo di affinamento di 6 mesi in piccole botti di rovere, &#8220;Schietto&#8221; rivela un corpo pieno e avvolgente, arricchito da eleganti note fruttate e una struttura tannica equilibrata.<\/p>\n<p>Questo vino \u00e8 l&#8217;abbinamento perfetto per esaltare i sapori robusti della cucina toscana, specialmente con piatti a base di carne, come stufati, brasati e arrosti, offrendo un&#8217;esperienza gustativa intensa e raffinata che richiama l&#8217;autenticit\u00e0 del territorio.<\/p>\n","protected":false},"excerpt":{"rendered":"<p>Chianti Classico DOCG, Italy<\/p>\n","protected":false},"featured_media":2000,"template":"","meta":{"_acf_changed":false},"product_brand":[],"product_cat":[53],"product_tag":[],"class_list":{"0":"post-3011","1":"product","2":"type-product","3":"status-publish","4":"has-post-thumbnail","6":"product_cat-vini-toscani","8":"first","9":"instock","10":"taxable","11":"shipping-taxable","12":"purchasable","13":"product-type-simple"},"acf":[],"yoast_head":"<!-- This site is optimized with the Yoast SEO plugin v27.3 - https:\/\/yoast.com\/product\/yoast-seo-wordpress\/ -->\n<title>SCHIETTO - Chianti Classico DOCG | Terre di Baccio Country House nel Chianti<\/title>\n<meta name=\"robots\" content=\"index, follow, max-snippet:-1, max-image-preview:large, max-video-preview:-1\" \/>\n<link rel=\"canonical\" href=\"https:\/\/terredibaccio.com\/it\/p\/schietto-chianti-classico-docg\/\" \/>\n<meta property=\"og:locale\" content=\"it_IT\" \/>\n<meta property=\"og:type\" content=\"article\" \/>\n<meta property=\"og:title\" content=\"SCHIETTO - Chianti Classico DOCG | Terre di Baccio Country House nel Chianti\" \/>\n<meta property=\"og:description\" content=\"Chianti Classico DOCG, Italy\" \/>\n<meta property=\"og:url\" content=\"https:\/\/terredibaccio.com\/it\/p\/schietto-chianti-classico-docg\/\" \/>\n<meta property=\"og:site_name\" content=\"Terre di Baccio Country House nel Chianti\" \/>\n<meta property=\"article:publisher\" content=\"https:\/\/www.facebook.com\/terredibaccio\/\" \/>\n<meta property=\"article:modified_time\" content=\"2024-10-16T15:48:34+00:00\" \/>\n<meta property=\"og:image\" content=\"https:\/\/terredibaccio.com\/wp-content\/uploads\/2022\/08\/Chianti-Classico-Schietto-DOCG-Terre-di-Baccio.jpg\" \/>\n\t<meta property=\"og:image:width\" content=\"800\" \/>\n\t<meta property=\"og:image:height\" content=\"1200\" \/>\n\t<meta property=\"og:image:type\" content=\"image\/jpeg\" \/>\n<meta name=\"twitter:card\" content=\"summary_large_image\" \/>\n<meta name=\"twitter:label1\" content=\"Tempo di lettura stimato\" \/>\n\t<meta name=\"twitter:data1\" content=\"1 minuto\" \/>\n<script type=\"application\/ld+json\" class=\"yoast-schema-graph\">{\"@context\":\"https:\\\/\\\/schema.org\",\"@graph\":[{\"@type\":\"WebPage\",\"@id\":\"https:\\\/\\\/terredibaccio.com\\\/it\\\/p\\\/schietto-chianti-classico-docg\\\/\",\"url\":\"https:\\\/\\\/terredibaccio.com\\\/it\\\/p\\\/schietto-chianti-classico-docg\\\/\",\"name\":\"SCHIETTO - Chianti Classico DOCG | Terre di Baccio Country House nel Chianti\",\"isPartOf\":{\"@id\":\"https:\\\/\\\/terredibaccio.com\\\/it\\\/#website\"},\"primaryImageOfPage\":{\"@id\":\"https:\\\/\\\/terredibaccio.com\\\/it\\\/p\\\/schietto-chianti-classico-docg\\\/#primaryimage\"},\"image\":{\"@id\":\"https:\\\/\\\/terredibaccio.com\\\/it\\\/p\\\/schietto-chianti-classico-docg\\\/#primaryimage\"},\"thumbnailUrl\":\"https:\\\/\\\/terredibaccio.com\\\/wp-content\\\/uploads\\\/2022\\\/08\\\/Chianti-Classico-Schietto-DOCG-Terre-di-Baccio.jpg\",\"datePublished\":\"2024-09-19T13:40:27+00:00\",\"dateModified\":\"2024-10-16T15:48:34+00:00\",\"breadcrumb\":{\"@id\":\"https:\\\/\\\/terredibaccio.com\\\/it\\\/p\\\/schietto-chianti-classico-docg\\\/#breadcrumb\"},\"inLanguage\":\"it-IT\",\"potentialAction\":[{\"@type\":\"ReadAction\",\"target\":[\"https:\\\/\\\/terredibaccio.com\\\/it\\\/p\\\/schietto-chianti-classico-docg\\\/\"]}]},{\"@type\":\"ImageObject\",\"inLanguage\":\"it-IT\",\"@id\":\"https:\\\/\\\/terredibaccio.com\\\/it\\\/p\\\/schietto-chianti-classico-docg\\\/#primaryimage\",\"url\":\"https:\\\/\\\/terredibaccio.com\\\/wp-content\\\/uploads\\\/2022\\\/08\\\/Chianti-Classico-Schietto-DOCG-Terre-di-Baccio.jpg\",\"contentUrl\":\"https:\\\/\\\/terredibaccio.com\\\/wp-content\\\/uploads\\\/2022\\\/08\\\/Chianti-Classico-Schietto-DOCG-Terre-di-Baccio.jpg\",\"width\":800,\"height\":1200,\"caption\":\"Chianti Classico Schietto DOCG - Terre di Baccio\"},{\"@type\":\"BreadcrumbList\",\"@id\":\"https:\\\/\\\/terredibaccio.com\\\/it\\\/p\\\/schietto-chianti-classico-docg\\\/#breadcrumb\",\"itemListElement\":[{\"@type\":\"ListItem\",\"position\":1,\"name\":\"Home\",\"item\":\"https:\\\/\\\/terredibaccio.com\\\/it\\\/\"},{\"@type\":\"ListItem\",\"position\":2,\"name\":\"Lo Shop della Country House\",\"item\":\"https:\\\/\\\/terredibaccio.com\\\/it\\\/shop-country-house\\\/\"},{\"@type\":\"ListItem\",\"position\":3,\"name\":\"SCHIETTO &#8211; Chianti Classico DOCG\"}]},{\"@type\":\"WebSite\",\"@id\":\"https:\\\/\\\/terredibaccio.com\\\/it\\\/#website\",\"url\":\"https:\\\/\\\/terredibaccio.com\\\/it\\\/\",\"name\":\"Terre di Baccio Country House nel Chianti\",\"description\":\"Beautiful Country House a stone's throw from Greve, in the heart of Chianti\",\"publisher\":{\"@id\":\"https:\\\/\\\/terredibaccio.com\\\/it\\\/#organization\"},\"potentialAction\":[{\"@type\":\"SearchAction\",\"target\":{\"@type\":\"EntryPoint\",\"urlTemplate\":\"https:\\\/\\\/terredibaccio.com\\\/it\\\/?s={search_term_string}\"},\"query-input\":{\"@type\":\"PropertyValueSpecification\",\"valueRequired\":true,\"valueName\":\"search_term_string\"}}],\"inLanguage\":\"it-IT\"},{\"@type\":\"Organization\",\"@id\":\"https:\\\/\\\/terredibaccio.com\\\/it\\\/#organization\",\"name\":\"Terre di Baccio Country House nel Chianti\",\"url\":\"https:\\\/\\\/terredibaccio.com\\\/it\\\/\",\"logo\":{\"@type\":\"ImageObject\",\"inLanguage\":\"it-IT\",\"@id\":\"https:\\\/\\\/terredibaccio.com\\\/it\\\/#\\\/schema\\\/logo\\\/image\\\/\",\"url\":\"https:\\\/\\\/terredibaccio.com\\\/wp-content\\\/uploads\\\/2022\\\/07\\\/Logo-terre-di-baccio.svg\",\"contentUrl\":\"https:\\\/\\\/terredibaccio.com\\\/wp-content\\\/uploads\\\/2022\\\/07\\\/Logo-terre-di-baccio.svg\",\"width\":1,\"height\":1,\"caption\":\"Terre di Baccio Country House nel Chianti\"},\"image\":{\"@id\":\"https:\\\/\\\/terredibaccio.com\\\/it\\\/#\\\/schema\\\/logo\\\/image\\\/\"},\"sameAs\":[\"https:\\\/\\\/www.facebook.com\\\/terredibaccio\\\/\",\"https:\\\/\\\/www.instagram.com\\\/terredibaccio\\\/\",\"https:\\\/\\\/www.pinterest.it\\\/terredibaccio\\\/\"]}]}<\/script>\n<!-- \/ Yoast SEO plugin. -->","yoast_head_json":{"title":"SCHIETTO - Chianti Classico DOCG | Terre di Baccio Country House nel Chianti","robots":{"index":"index","follow":"follow","max-snippet":"max-snippet:-1","max-image-preview":"max-image-preview:large","max-video-preview":"max-video-preview:-1"},"canonical":"https:\/\/terredibaccio.com\/it\/p\/schietto-chianti-classico-docg\/","og_locale":"it_IT","og_type":"article","og_title":"SCHIETTO - Chianti Classico DOCG | Terre di Baccio Country House nel Chianti","og_description":"Chianti Classico DOCG, Italy","og_url":"https:\/\/terredibaccio.com\/it\/p\/schietto-chianti-classico-docg\/","og_site_name":"Terre di Baccio Country House nel Chianti","article_publisher":"https:\/\/www.facebook.com\/terredibaccio\/","article_modified_time":"2024-10-16T15:48:34+00:00","og_image":[{"width":800,"height":1200,"url":"https:\/\/terredibaccio.com\/wp-content\/uploads\/2022\/08\/Chianti-Classico-Schietto-DOCG-Terre-di-Baccio.jpg","type":"image\/jpeg"}],"twitter_card":"summary_large_image","twitter_misc":{"Tempo di lettura stimato":"1 minuto"},"schema":{"@context":"https:\/\/schema.org","@graph":[{"@type":"WebPage","@id":"https:\/\/terredibaccio.com\/it\/p\/schietto-chianti-classico-docg\/","url":"https:\/\/terredibaccio.com\/it\/p\/schietto-chianti-classico-docg\/","name":"SCHIETTO - Chianti Classico DOCG | Terre di Baccio Country House nel Chianti","isPartOf":{"@id":"https:\/\/terredibaccio.com\/it\/#website"},"primaryImageOfPage":{"@id":"https:\/\/terredibaccio.com\/it\/p\/schietto-chianti-classico-docg\/#primaryimage"},"image":{"@id":"https:\/\/terredibaccio.com\/it\/p\/schietto-chianti-classico-docg\/#primaryimage"},"thumbnailUrl":"https:\/\/terredibaccio.com\/wp-content\/uploads\/2022\/08\/Chianti-Classico-Schietto-DOCG-Terre-di-Baccio.jpg","datePublished":"2024-09-19T13:40:27+00:00","dateModified":"2024-10-16T15:48:34+00:00","breadcrumb":{"@id":"https:\/\/terredibaccio.com\/it\/p\/schietto-chianti-classico-docg\/#breadcrumb"},"inLanguage":"it-IT","potentialAction":[{"@type":"ReadAction","target":["https:\/\/terredibaccio.com\/it\/p\/schietto-chianti-classico-docg\/"]}]},{"@type":"ImageObject","inLanguage":"it-IT","@id":"https:\/\/terredibaccio.com\/it\/p\/schietto-chianti-classico-docg\/#primaryimage","url":"https:\/\/terredibaccio.com\/wp-content\/uploads\/2022\/08\/Chianti-Classico-Schietto-DOCG-Terre-di-Baccio.jpg","contentUrl":"https:\/\/terredibaccio.com\/wp-content\/uploads\/2022\/08\/Chianti-Classico-Schietto-DOCG-Terre-di-Baccio.jpg","width":800,"height":1200,"caption":"Chianti Classico Schietto DOCG - Terre di Baccio"},{"@type":"BreadcrumbList","@id":"https:\/\/terredibaccio.com\/it\/p\/schietto-chianti-classico-docg\/#breadcrumb","itemListElement":[{"@type":"ListItem","position":1,"name":"Home","item":"https:\/\/terredibaccio.com\/it\/"},{"@type":"ListItem","position":2,"name":"Lo Shop della Country House","item":"https:\/\/terredibaccio.com\/it\/shop-country-house\/"},{"@type":"ListItem","position":3,"name":"SCHIETTO &#8211; Chianti Classico DOCG"}]},{"@type":"WebSite","@id":"https:\/\/terredibaccio.com\/it\/#website","url":"https:\/\/terredibaccio.com\/it\/","name":"Terre di Baccio Country House nel Chianti","description":"Beautiful Country House a stone's throw from Greve, in the heart of Chianti","publisher":{"@id":"https:\/\/terredibaccio.com\/it\/#organization"},"potentialAction":[{"@type":"SearchAction","target":{"@type":"EntryPoint","urlTemplate":"https:\/\/terredibaccio.com\/it\/?s={search_term_string}"},"query-input":{"@type":"PropertyValueSpecification","valueRequired":true,"valueName":"search_term_string"}}],"inLanguage":"it-IT"},{"@type":"Organization","@id":"https:\/\/terredibaccio.com\/it\/#organization","name":"Terre di Baccio Country House nel Chianti","url":"https:\/\/terredibaccio.com\/it\/","logo":{"@type":"ImageObject","inLanguage":"it-IT","@id":"https:\/\/terredibaccio.com\/it\/#\/schema\/logo\/image\/","url":"https:\/\/terredibaccio.com\/wp-content\/uploads\/2022\/07\/Logo-terre-di-baccio.svg","contentUrl":"https:\/\/terredibaccio.com\/wp-content\/uploads\/2022\/07\/Logo-terre-di-baccio.svg","width":1,"height":1,"caption":"Terre di Baccio Country House nel Chianti"},"image":{"@id":"https:\/\/terredibaccio.com\/it\/#\/schema\/logo\/image\/"},"sameAs":["https:\/\/www.facebook.com\/terredibaccio\/","https:\/\/www.instagram.com\/terredibaccio\/","https:\/\/www.pinterest.it\/terredibaccio\/"]}]}},"_links":{"self":[{"href":"https:\/\/terredibaccio.com\/it\/wp-json\/wp\/v2\/product\/3011","targetHints":{"allow":["GET"]}}],"collection":[{"href":"https:\/\/terredibaccio.com\/it\/wp-json\/wp\/v2\/product"}],"about":[{"href":"https:\/\/terredibaccio.com\/it\/wp-json\/wp\/v2\/types\/product"}],"wp:featuredmedia":[{"embeddable":true,"href":"https:\/\/terredibaccio.com\/it\/wp-json\/wp\/v2\/media\/2000"}],"wp:attachment":[{"href":"https:\/\/terredibaccio.com\/it\/wp-json\/wp\/v2\/media?parent=3011"}],"wp:term":[{"taxonomy":"product_brand","embeddable":true,"href":"https:\/\/terredibaccio.com\/it\/wp-json\/wp\/v2\/product_brand?post=3011"},{"taxonomy":"product_cat","embeddable":true,"href":"https:\/\/terredibaccio.com\/it\/wp-json\/wp\/v2\/product_cat?post=3011"},{"taxonomy":"product_tag","embeddable":true,"href":"https:\/\/terredibaccio.com\/it\/wp-json\/wp\/v2\/product_tag?post=3011"}],"curies":[{"name":"wp","href":"https:\/\/api.w.org\/{rel}","templated":true}]}}