{"id":2144,"date":"2022-07-18T11:31:16","date_gmt":"2022-07-18T09:31:16","guid":{"rendered":"https:\/\/terredibaccio.com\/camere-e-suites\/il-bellosguardo\/"},"modified":"2025-11-21T10:21:14","modified_gmt":"2025-11-21T09:21:14","slug":"il-bellosguardo","status":"publish","type":"page","link":"https:\/\/terredibaccio.com\/it\/camere-e-suite-chianti\/il-bellosguardo\/","title":{"rendered":"Il Bellosguardo"},"content":{"rendered":"\n<p><strong>Bellosguardo <\/strong>\u00e8 una camera panoramica che offre una prospettiva unica sulle colline del Chianti e sulle vigne della propriet\u00e0. <br>Un tempo adibita ad abitazione della famiglia che gestiva la tenuta, Bellosguardo \u00e8 situata al primo piano della villa ed \u00e8 composta da un\u2019ampia camera, un salottino e un soppalco dove si trova il letto: una piccola alcova con travi in legno a vista.<\/p>\n\n\n\n<div class=\"wp-block-columns top-padding-40 is-layout-flex wp-container-core-columns-is-layout-9d6595d7 wp-block-columns-is-layout-flex\">\n<div class=\"wp-block-column is-layout-flow wp-block-column-is-layout-flow\">\n<h2 class=\"wp-block-heading title-style-nunito-bold text-color-0\">Dettagli<\/h2>\n<\/div>\n\n\n\n<div class=\"wp-block-column is-layout-flow wp-block-column-is-layout-flow\">\n<ul class=\"wp-block-list\">\n<li>Ospiti:&nbsp;2<\/li>\n\n\n\n<li>Camere:&nbsp;1 (su soppalco)<\/li>\n\n\n\n<li>Bagni:&nbsp;1 (con doccia)<\/li>\n\n\n\n<li>Letti:&nbsp;1 matrimoniale<\/li>\n<\/ul>\n<\/div>\n\n\n\n<div class=\"wp-block-column is-layout-flow wp-block-column-is-layout-flow\">\n<ul class=\"wp-block-list\">\n<li>Check-In:&nbsp;4 pm \u2013 8 pm<\/li>\n\n\n\n<li>Check-Out:&nbsp;8 am \u2013 10 am<\/li>\n\n\n\n<li>Tipologia:&nbsp;Suite<\/li>\n<\/ul>\n<\/div>\n<\/div>\n\n\n\n<div class=\"wp-block-columns top-padding-40 is-layout-flex wp-container-core-columns-is-layout-9d6595d7 wp-block-columns-is-layout-flex\">\n<div class=\"wp-block-column is-layout-flow wp-block-column-is-layout-flow\">\n<h2 class=\"wp-block-heading title-style-nunito-bold text-color-0\">Servizi<\/h2>\n<\/div>\n\n\n\n<div class=\"wp-block-column is-layout-flow wp-block-column-is-layout-flow\">\n<ul class=\"wp-block-list\">\n<li>Colazione inclusa<\/li>\n\n\n\n<li>Parking:&nbsp;Free<\/li>\n\n\n\n<li>Wifi:&nbsp;Free<\/li>\n\n\n\n<li>Uso piscina (maggio \u2013 ottobre):&nbsp;Free<\/li>\n\n\n\n<li>Spazio BBQ:&nbsp;a disposizione<\/li>\n\n\n\n<li>Asciugacapelli:&nbsp;Si<\/li>\n<\/ul>\n<\/div>\n\n\n\n<div class=\"wp-block-column is-layout-flow wp-block-column-is-layout-flow\">\n<ul class=\"wp-block-list\">\n<li>Aria Condizionata:&nbsp;Si<\/li>\n\n\n\n<li>Cassaforte:&nbsp;Si<\/li>\n\n\n\n<li>TV Satellitare:&nbsp;Si<\/li>\n\n\n\n<li>Mini frigo:&nbsp;Si<\/li>\n\n\n\n<li>Bollitore:&nbsp;Si<\/li>\n\n\n\n<li>Transfer su richiesta<\/li>\n\n\n\n<li>Servizi Extra: Chiedere alla reception<\/li>\n<\/ul>\n<\/div>\n<\/div>\n\n\n\n<p>Tassa di soggiorno:\u00a02,00\u20ac\/notte a persona (per max. 7 notti).<\/p>\n","protected":false},"excerpt":{"rendered":"<p>Bellosguardo \u00e8 una camera panoramica che offre una prospettiva unica sulle colline del Chianti e sulle vigne della propriet\u00e0. Un tempo adibita ad abitazione della famiglia che gestiva la tenuta, Bellosguardo \u00e8 situata al primo piano della villa ed \u00e8 composta da un\u2019ampia camera, un salottino e un soppalco dove si trova il letto: una [&hellip;]<\/p>\n","protected":false},"author":1,"featured_media":3286,"parent":2094,"menu_order":66,"comment_status":"closed","ping_status":"closed","template":"template-rooms-details.php","meta":{"_acf_changed":false,"footnotes":""},"tags":[],"class_list":["post-2144","page","type-page","status-publish","has-post-thumbnail","hentry"],"acf":[],"yoast_head":"<!-- This site is optimized with the Yoast SEO plugin v27.4 - https:\/\/yoast.com\/product\/yoast-seo-wordpress\/ -->\n<title>Il Bellosguardo | Terre di Baccio Country House nel Chianti<\/title>\n<meta name=\"robots\" content=\"index, follow, max-snippet:-1, max-image-preview:large, max-video-preview:-1\" \/>\n<link rel=\"canonical\" href=\"https:\/\/terredibaccio.com\/it\/camere-e-suite-chianti\/il-bellosguardo\/\" \/>\n<meta property=\"og:locale\" content=\"it_IT\" \/>\n<meta property=\"og:type\" content=\"article\" \/>\n<meta property=\"og:title\" content=\"Il Bellosguardo | Terre di Baccio Country House nel Chianti\" \/>\n<meta property=\"og:description\" content=\"Bellosguardo \u00e8 una camera panoramica che offre una prospettiva unica sulle colline del Chianti e sulle vigne della propriet\u00e0. Un tempo adibita ad abitazione della famiglia che gestiva la tenuta, Bellosguardo \u00e8 situata al primo piano della villa ed \u00e8 composta da un\u2019ampia camera, un salottino e un soppalco dove si trova il letto: una [&hellip;]\" \/>\n<meta property=\"og:url\" content=\"https:\/\/terredibaccio.com\/it\/camere-e-suite-chianti\/il-bellosguardo\/\" \/>\n<meta property=\"og:site_name\" content=\"Terre di Baccio Country House nel Chianti\" \/>\n<meta property=\"article:publisher\" content=\"https:\/\/www.facebook.com\/terredibaccio\/\" \/>\n<meta property=\"article:modified_time\" content=\"2025-11-21T09:21:14+00:00\" \/>\n<meta property=\"og:image\" content=\"https:\/\/terredibaccio.com\/wp-content\/uploads\/2025\/02\/Bellosguardo_01.jpg\" \/>\n\t<meta property=\"og:image:width\" content=\"1920\" \/>\n\t<meta property=\"og:image:height\" content=\"1280\" \/>\n\t<meta property=\"og:image:type\" content=\"image\/jpeg\" \/>\n<meta name=\"twitter:card\" content=\"summary_large_image\" \/>\n<meta name=\"twitter:label1\" content=\"Tempo di lettura stimato\" \/>\n\t<meta name=\"twitter:data1\" content=\"1 minuto\" \/>\n<script type=\"application\/ld+json\" class=\"yoast-schema-graph\">{\"@context\":\"https:\\\/\\\/schema.org\",\"@graph\":[{\"@type\":\"WebPage\",\"@id\":\"https:\\\/\\\/terredibaccio.com\\\/it\\\/camere-e-suite-chianti\\\/il-bellosguardo\\\/\",\"url\":\"https:\\\/\\\/terredibaccio.com\\\/it\\\/camere-e-suite-chianti\\\/il-bellosguardo\\\/\",\"name\":\"Il Bellosguardo | Terre di Baccio Country House nel Chianti\",\"isPartOf\":{\"@id\":\"https:\\\/\\\/terredibaccio.com\\\/it\\\/#website\"},\"primaryImageOfPage\":{\"@id\":\"https:\\\/\\\/terredibaccio.com\\\/it\\\/camere-e-suite-chianti\\\/il-bellosguardo\\\/#primaryimage\"},\"image\":{\"@id\":\"https:\\\/\\\/terredibaccio.com\\\/it\\\/camere-e-suite-chianti\\\/il-bellosguardo\\\/#primaryimage\"},\"thumbnailUrl\":\"https:\\\/\\\/terredibaccio.com\\\/wp-content\\\/uploads\\\/2025\\\/02\\\/Bellosguardo_01.jpg\",\"datePublished\":\"2022-07-18T09:31:16+00:00\",\"dateModified\":\"2025-11-21T09:21:14+00:00\",\"breadcrumb\":{\"@id\":\"https:\\\/\\\/terredibaccio.com\\\/it\\\/camere-e-suite-chianti\\\/il-bellosguardo\\\/#breadcrumb\"},\"inLanguage\":\"it-IT\",\"potentialAction\":[{\"@type\":\"ReadAction\",\"target\":[\"https:\\\/\\\/terredibaccio.com\\\/it\\\/camere-e-suite-chianti\\\/il-bellosguardo\\\/\"]}]},{\"@type\":\"ImageObject\",\"inLanguage\":\"it-IT\",\"@id\":\"https:\\\/\\\/terredibaccio.com\\\/it\\\/camere-e-suite-chianti\\\/il-bellosguardo\\\/#primaryimage\",\"url\":\"https:\\\/\\\/terredibaccio.com\\\/wp-content\\\/uploads\\\/2025\\\/02\\\/Bellosguardo_01.jpg\",\"contentUrl\":\"https:\\\/\\\/terredibaccio.com\\\/wp-content\\\/uploads\\\/2025\\\/02\\\/Bellosguardo_01.jpg\",\"width\":1920,\"height\":1280},{\"@type\":\"BreadcrumbList\",\"@id\":\"https:\\\/\\\/terredibaccio.com\\\/it\\\/camere-e-suite-chianti\\\/il-bellosguardo\\\/#breadcrumb\",\"itemListElement\":[{\"@type\":\"ListItem\",\"position\":1,\"name\":\"Home\",\"item\":\"https:\\\/\\\/terredibaccio.com\\\/it\\\/terre-di-baccio-home\\\/\"},{\"@type\":\"ListItem\",\"position\":2,\"name\":\"Camere &#038; Suite\",\"item\":\"https:\\\/\\\/terredibaccio.com\\\/it\\\/camere-e-suite-chianti\\\/\"},{\"@type\":\"ListItem\",\"position\":3,\"name\":\"Il Bellosguardo\"}]},{\"@type\":\"WebSite\",\"@id\":\"https:\\\/\\\/terredibaccio.com\\\/it\\\/#website\",\"url\":\"https:\\\/\\\/terredibaccio.com\\\/it\\\/\",\"name\":\"Terre di Baccio Country House nel Chianti\",\"description\":\"Beautiful Country House a stone's throw from Greve, in the heart of Chianti\",\"publisher\":{\"@id\":\"https:\\\/\\\/terredibaccio.com\\\/it\\\/#organization\"},\"potentialAction\":[{\"@type\":\"SearchAction\",\"target\":{\"@type\":\"EntryPoint\",\"urlTemplate\":\"https:\\\/\\\/terredibaccio.com\\\/it\\\/?s={search_term_string}\"},\"query-input\":{\"@type\":\"PropertyValueSpecification\",\"valueRequired\":true,\"valueName\":\"search_term_string\"}}],\"inLanguage\":\"it-IT\"},{\"@type\":\"Organization\",\"@id\":\"https:\\\/\\\/terredibaccio.com\\\/it\\\/#organization\",\"name\":\"Terre di Baccio Country House nel Chianti\",\"url\":\"https:\\\/\\\/terredibaccio.com\\\/it\\\/\",\"logo\":{\"@type\":\"ImageObject\",\"inLanguage\":\"it-IT\",\"@id\":\"https:\\\/\\\/terredibaccio.com\\\/it\\\/#\\\/schema\\\/logo\\\/image\\\/\",\"url\":\"https:\\\/\\\/terredibaccio.com\\\/wp-content\\\/uploads\\\/2022\\\/07\\\/Logo-terre-di-baccio.svg\",\"contentUrl\":\"https:\\\/\\\/terredibaccio.com\\\/wp-content\\\/uploads\\\/2022\\\/07\\\/Logo-terre-di-baccio.svg\",\"width\":1,\"height\":1,\"caption\":\"Terre di Baccio Country House nel Chianti\"},\"image\":{\"@id\":\"https:\\\/\\\/terredibaccio.com\\\/it\\\/#\\\/schema\\\/logo\\\/image\\\/\"},\"sameAs\":[\"https:\\\/\\\/www.facebook.com\\\/terredibaccio\\\/\",\"https:\\\/\\\/www.instagram.com\\\/terredibaccio\\\/\",\"https:\\\/\\\/www.pinterest.it\\\/terredibaccio\\\/\"]}]}<\/script>\n<!-- \/ Yoast SEO plugin. -->","yoast_head_json":{"title":"Il Bellosguardo | Terre di Baccio Country House nel Chianti","robots":{"index":"index","follow":"follow","max-snippet":"max-snippet:-1","max-image-preview":"max-image-preview:large","max-video-preview":"max-video-preview:-1"},"canonical":"https:\/\/terredibaccio.com\/it\/camere-e-suite-chianti\/il-bellosguardo\/","og_locale":"it_IT","og_type":"article","og_title":"Il Bellosguardo | Terre di Baccio Country House nel Chianti","og_description":"Bellosguardo \u00e8 una camera panoramica che offre una prospettiva unica sulle colline del Chianti e sulle vigne della propriet\u00e0. Un tempo adibita ad abitazione della famiglia che gestiva la tenuta, Bellosguardo \u00e8 situata al primo piano della villa ed \u00e8 composta da un\u2019ampia camera, un salottino e un soppalco dove si trova il letto: una [&hellip;]","og_url":"https:\/\/terredibaccio.com\/it\/camere-e-suite-chianti\/il-bellosguardo\/","og_site_name":"Terre di Baccio Country House nel Chianti","article_publisher":"https:\/\/www.facebook.com\/terredibaccio\/","article_modified_time":"2025-11-21T09:21:14+00:00","og_image":[{"width":1920,"height":1280,"url":"https:\/\/terredibaccio.com\/wp-content\/uploads\/2025\/02\/Bellosguardo_01.jpg","type":"image\/jpeg"}],"twitter_card":"summary_large_image","twitter_misc":{"Tempo di lettura stimato":"1 minuto"},"schema":{"@context":"https:\/\/schema.org","@graph":[{"@type":"WebPage","@id":"https:\/\/terredibaccio.com\/it\/camere-e-suite-chianti\/il-bellosguardo\/","url":"https:\/\/terredibaccio.com\/it\/camere-e-suite-chianti\/il-bellosguardo\/","name":"Il Bellosguardo | Terre di Baccio Country House nel Chianti","isPartOf":{"@id":"https:\/\/terredibaccio.com\/it\/#website"},"primaryImageOfPage":{"@id":"https:\/\/terredibaccio.com\/it\/camere-e-suite-chianti\/il-bellosguardo\/#primaryimage"},"image":{"@id":"https:\/\/terredibaccio.com\/it\/camere-e-suite-chianti\/il-bellosguardo\/#primaryimage"},"thumbnailUrl":"https:\/\/terredibaccio.com\/wp-content\/uploads\/2025\/02\/Bellosguardo_01.jpg","datePublished":"2022-07-18T09:31:16+00:00","dateModified":"2025-11-21T09:21:14+00:00","breadcrumb":{"@id":"https:\/\/terredibaccio.com\/it\/camere-e-suite-chianti\/il-bellosguardo\/#breadcrumb"},"inLanguage":"it-IT","potentialAction":[{"@type":"ReadAction","target":["https:\/\/terredibaccio.com\/it\/camere-e-suite-chianti\/il-bellosguardo\/"]}]},{"@type":"ImageObject","inLanguage":"it-IT","@id":"https:\/\/terredibaccio.com\/it\/camere-e-suite-chianti\/il-bellosguardo\/#primaryimage","url":"https:\/\/terredibaccio.com\/wp-content\/uploads\/2025\/02\/Bellosguardo_01.jpg","contentUrl":"https:\/\/terredibaccio.com\/wp-content\/uploads\/2025\/02\/Bellosguardo_01.jpg","width":1920,"height":1280},{"@type":"BreadcrumbList","@id":"https:\/\/terredibaccio.com\/it\/camere-e-suite-chianti\/il-bellosguardo\/#breadcrumb","itemListElement":[{"@type":"ListItem","position":1,"name":"Home","item":"https:\/\/terredibaccio.com\/it\/terre-di-baccio-home\/"},{"@type":"ListItem","position":2,"name":"Camere &#038; Suite","item":"https:\/\/terredibaccio.com\/it\/camere-e-suite-chianti\/"},{"@type":"ListItem","position":3,"name":"Il Bellosguardo"}]},{"@type":"WebSite","@id":"https:\/\/terredibaccio.com\/it\/#website","url":"https:\/\/terredibaccio.com\/it\/","name":"Terre di Baccio Country House nel Chianti","description":"Beautiful Country House a stone's throw from Greve, in the heart of Chianti","publisher":{"@id":"https:\/\/terredibaccio.com\/it\/#organization"},"potentialAction":[{"@type":"SearchAction","target":{"@type":"EntryPoint","urlTemplate":"https:\/\/terredibaccio.com\/it\/?s={search_term_string}"},"query-input":{"@type":"PropertyValueSpecification","valueRequired":true,"valueName":"search_term_string"}}],"inLanguage":"it-IT"},{"@type":"Organization","@id":"https:\/\/terredibaccio.com\/it\/#organization","name":"Terre di Baccio Country House nel Chianti","url":"https:\/\/terredibaccio.com\/it\/","logo":{"@type":"ImageObject","inLanguage":"it-IT","@id":"https:\/\/terredibaccio.com\/it\/#\/schema\/logo\/image\/","url":"https:\/\/terredibaccio.com\/wp-content\/uploads\/2022\/07\/Logo-terre-di-baccio.svg","contentUrl":"https:\/\/terredibaccio.com\/wp-content\/uploads\/2022\/07\/Logo-terre-di-baccio.svg","width":1,"height":1,"caption":"Terre di Baccio Country House nel Chianti"},"image":{"@id":"https:\/\/terredibaccio.com\/it\/#\/schema\/logo\/image\/"},"sameAs":["https:\/\/www.facebook.com\/terredibaccio\/","https:\/\/www.instagram.com\/terredibaccio\/","https:\/\/www.pinterest.it\/terredibaccio\/"]}]}},"_links":{"self":[{"href":"https:\/\/terredibaccio.com\/it\/wp-json\/wp\/v2\/pages\/2144","targetHints":{"allow":["GET"]}}],"collection":[{"href":"https:\/\/terredibaccio.com\/it\/wp-json\/wp\/v2\/pages"}],"about":[{"href":"https:\/\/terredibaccio.com\/it\/wp-json\/wp\/v2\/types\/page"}],"author":[{"embeddable":true,"href":"https:\/\/terredibaccio.com\/it\/wp-json\/wp\/v2\/users\/1"}],"replies":[{"embeddable":true,"href":"https:\/\/terredibaccio.com\/it\/wp-json\/wp\/v2\/comments?post=2144"}],"version-history":[{"count":10,"href":"https:\/\/terredibaccio.com\/it\/wp-json\/wp\/v2\/pages\/2144\/revisions"}],"predecessor-version":[{"id":3688,"href":"https:\/\/terredibaccio.com\/it\/wp-json\/wp\/v2\/pages\/2144\/revisions\/3688"}],"up":[{"embeddable":true,"href":"https:\/\/terredibaccio.com\/it\/wp-json\/wp\/v2\/pages\/2094"}],"wp:featuredmedia":[{"embeddable":true,"href":"https:\/\/terredibaccio.com\/it\/wp-json\/wp\/v2\/media\/3286"}],"wp:attachment":[{"href":"https:\/\/terredibaccio.com\/it\/wp-json\/wp\/v2\/media?parent=2144"}],"wp:term":[{"taxonomy":"post_tag","embeddable":true,"href":"https:\/\/terredibaccio.com\/it\/wp-json\/wp\/v2\/tags?post=2144"}],"curies":[{"name":"wp","href":"https:\/\/api.w.org\/{rel}","templated":true}]}}